{"id":1434,"date":"2023-11-30T16:51:47","date_gmt":"2023-11-30T15:51:47","guid":{"rendered":"https:\/\/malsa.com.es\/?page_id=1434"},"modified":"2025-03-04T08:52:08","modified_gmt":"2025-03-04T07:52:08","slug":"utillajes","status":"publish","type":"page","link":"https:\/\/malsa.com.es\/de\/utillajes\/","title":{"rendered":"Werkzeugbau"},"content":{"rendered":"<p><div class=\"fusion-fullwidth fullwidth-box fusion-builder-row-1 fusion-flex-container hundred-percent-fullwidth non-hundred-percent-height-scrolling\" style=\"--awb-border-radius-top-left:0px;--awb-border-radius-top-right:0px;--awb-border-radius-bottom-right:0px;--awb-border-radius-bottom-left:0px;--awb-padding-right:0px;--awb-padding-bottom:0px;--awb-padding-left:0px;--awb-margin-top:0px;--awb-margin-bottom:0px;--awb-flex-wrap:wrap;\" ><div class=\"fusion-builder-row fusion-row fusion-flex-align-items-center fusion-flex-justify-content-center fusion-flex-content-wrap\" style=\"width:104% !important;max-width:104% !important;margin-left: calc(-4% \/ 2 );margin-right: calc(-4% \/ 2 );\"><div class=\"fusion-layout-column fusion_builder_column fusion-builder-column-0 fusion_builder_column_1_1 1_1 fusion-flex-column\" style=\"--awb-padding-top:20px;--awb-bg-size:cover;--awb-width-large:100%;--awb-margin-top-large:0px;--awb-spacing-right-large:1.92%;--awb-margin-bottom-large:20px;--awb-spacing-left-large:1.92%;--awb-width-medium:100%;--awb-order-medium:0;--awb-spacing-right-medium:1.92%;--awb-spacing-left-medium:1.92%;--awb-width-small:100%;--awb-order-small:0;--awb-spacing-right-small:1.92%;--awb-spacing-left-small:1.92%;\"><div class=\"fusion-column-wrapper fusion-column-has-shadow fusion-flex-justify-content-flex-start fusion-content-layout-column\"><div class=\"fusion-title title fusion-title-1 fusion-sep-none fusion-title-center fusion-title-text fusion-title-size-one\" style=\"--awb-text-color:var(--awb-color4);--awb-margin-top-small:10px;--awb-margin-right-small:0px;--awb-margin-bottom-small:10px;--awb-margin-left-small:0px;--awb-font-size:42px;\"><h1 class=\"fusion-title-heading title-heading-center\" style=\"font-family:&quot;Inter&quot;;font-style:normal;font-weight:700;margin:0;text-transform:uppercase;font-size:1em;\">Werkzeugbau<\/h1><\/div><\/div><\/div><\/div><\/div><div class=\"fusion-fullwidth fullwidth-box fusion-builder-row-2 fusion-flex-container has-pattern-background has-mask-background hundred-percent-fullwidth non-hundred-percent-height-scrolling\" style=\"--awb-border-radius-top-left:0px;--awb-border-radius-top-right:0px;--awb-border-radius-bottom-right:0px;--awb-border-radius-bottom-left:0px;--awb-padding-right:0px;--awb-padding-bottom:0px;--awb-padding-left:0px;--awb-margin-top:0px;--awb-margin-bottom:0px;--awb-flex-wrap:wrap;\" ><div class=\"fusion-builder-row fusion-row fusion-flex-align-items-center fusion-flex-justify-content-center fusion-flex-content-wrap\" style=\"width:104% !important;max-width:104% !important;margin-left: calc(-4% \/ 2 );margin-right: calc(-4% \/ 2 );\"><div class=\"fusion-layout-column fusion_builder_column fusion-builder-column-1 fusion_builder_column_1_1 1_1 fusion-flex-column\" style=\"--awb-padding-top:15%;--awb-padding-right:0px;--awb-padding-bottom:15%;--awb-padding-left:0px;--awb-bg-size:cover;--awb-width-large:100%;--awb-margin-top-large:0px;--awb-spacing-right-large:1.92%;--awb-margin-bottom-large:0px;--awb-spacing-left-large:1.92%;--awb-width-medium:100%;--awb-order-medium:0;--awb-spacing-right-medium:1.92%;--awb-spacing-left-medium:1.92%;--awb-width-small:100%;--awb-order-small:0;--awb-spacing-right-small:1.92%;--awb-spacing-left-small:1.92%;\" data-scroll-devices=\"small-visibility,medium-visibility,large-visibility\"><div class=\"awb-column__background-slider\" ><div class=\"awb-background-slider\" data-type=\"column\" data-loop=\"yes\" data-animation=\"fade\" data-slideshow-speed=\"5000\" data-animation-speed=\"800\" data-direction=\"up\" style=\"--awb-image-position:50% 50%;\"><div class=\"swiper-wrapper\"><div class=\"swiper-slide\"><img decoding=\"async\" width=\"2500\" height=\"1669\" src=\"https:\/\/malsa.com.es\/wp-content\/uploads\/2017\/01\/DSC_6969.jpg\" class=\"awb-background-slider__image lazyload\" alt=\"\" srcset=\"data:image\/svg+xml,%3Csvg%20xmlns%3D%27http%3A%2F%2Fwww.w3.org%2F2000%2Fsvg%27%20width%3D%272500%27%20height%3D%271669%27%20viewBox%3D%270%200%202500%201669%27%3E%3Crect%20width%3D%272500%27%20height%3D%271669%27%20fill-opacity%3D%220%22%2F%3E%3C%2Fsvg%3E\" data-orig-src=\"https:\/\/malsa.com.es\/wp-content\/uploads\/2017\/01\/DSC_6969.jpg\" data-srcset=\"https:\/\/malsa.com.es\/wp-content\/uploads\/2017\/01\/DSC_6969-300x200.jpg 300w, https:\/\/malsa.com.es\/wp-content\/uploads\/2017\/01\/DSC_6969-768x513.jpg 768w, https:\/\/malsa.com.es\/wp-content\/uploads\/2017\/01\/DSC_6969-1024x684.jpg 1024w, https:\/\/malsa.com.es\/wp-content\/uploads\/2017\/01\/DSC_6969.jpg 2500w\" data-sizes=\"auto\" \/><\/div><div class=\"swiper-slide\"><img decoding=\"async\" width=\"2500\" height=\"1669\" src=\"https:\/\/malsa.com.es\/wp-content\/uploads\/2017\/01\/DSC_7044.jpg\" class=\"awb-background-slider__image lazyload\" alt=\"\" srcset=\"data:image\/svg+xml,%3Csvg%20xmlns%3D%27http%3A%2F%2Fwww.w3.org%2F2000%2Fsvg%27%20width%3D%272500%27%20height%3D%271669%27%20viewBox%3D%270%200%202500%201669%27%3E%3Crect%20width%3D%272500%27%20height%3D%271669%27%20fill-opacity%3D%220%22%2F%3E%3C%2Fsvg%3E\" data-orig-src=\"https:\/\/malsa.com.es\/wp-content\/uploads\/2017\/01\/DSC_7044.jpg\" data-srcset=\"https:\/\/malsa.com.es\/wp-content\/uploads\/2017\/01\/DSC_7044-300x200.jpg 300w, https:\/\/malsa.com.es\/wp-content\/uploads\/2017\/01\/DSC_7044-768x513.jpg 768w, https:\/\/malsa.com.es\/wp-content\/uploads\/2017\/01\/DSC_7044-1024x684.jpg 1024w, https:\/\/malsa.com.es\/wp-content\/uploads\/2017\/01\/DSC_7044.jpg 2500w\" data-sizes=\"auto\" \/><\/div><div class=\"swiper-slide\"><img decoding=\"async\" width=\"1280\" height=\"720\" src=\"https:\/\/malsa.com.es\/wp-content\/uploads\/2023\/11\/uti1.jpg\" class=\"awb-background-slider__image lazyload\" alt=\"\" srcset=\"data:image\/svg+xml,%3Csvg%20xmlns%3D%27http%3A%2F%2Fwww.w3.org%2F2000%2Fsvg%27%20width%3D%271280%27%20height%3D%27720%27%20viewBox%3D%270%200%201280%20720%27%3E%3Crect%20width%3D%271280%27%20height%3D%27720%27%20fill-opacity%3D%220%22%2F%3E%3C%2Fsvg%3E\" data-orig-src=\"https:\/\/malsa.com.es\/wp-content\/uploads\/2023\/11\/uti1.jpg\" data-srcset=\"https:\/\/malsa.com.es\/wp-content\/uploads\/2023\/11\/uti1-300x169.jpg 300w, https:\/\/malsa.com.es\/wp-content\/uploads\/2023\/11\/uti1-768x432.jpg 768w, https:\/\/malsa.com.es\/wp-content\/uploads\/2023\/11\/uti1-1024x576.jpg 1024w, https:\/\/malsa.com.es\/wp-content\/uploads\/2023\/11\/uti1.jpg 1280w\" data-sizes=\"auto\" \/><\/div><div class=\"swiper-slide\"><img decoding=\"async\" width=\"1280\" height=\"720\" src=\"https:\/\/malsa.com.es\/wp-content\/uploads\/2023\/11\/uti2.jpg\" class=\"awb-background-slider__image lazyload\" alt=\"\" srcset=\"data:image\/svg+xml,%3Csvg%20xmlns%3D%27http%3A%2F%2Fwww.w3.org%2F2000%2Fsvg%27%20width%3D%271280%27%20height%3D%27720%27%20viewBox%3D%270%200%201280%20720%27%3E%3Crect%20width%3D%271280%27%20height%3D%27720%27%20fill-opacity%3D%220%22%2F%3E%3C%2Fsvg%3E\" data-orig-src=\"https:\/\/malsa.com.es\/wp-content\/uploads\/2023\/11\/uti2.jpg\" data-srcset=\"https:\/\/malsa.com.es\/wp-content\/uploads\/2023\/11\/uti2-300x169.jpg 300w, https:\/\/malsa.com.es\/wp-content\/uploads\/2023\/11\/uti2-768x432.jpg 768w, https:\/\/malsa.com.es\/wp-content\/uploads\/2023\/11\/uti2-1024x576.jpg 1024w, https:\/\/malsa.com.es\/wp-content\/uploads\/2023\/11\/uti2.jpg 1280w\" data-sizes=\"auto\" \/><\/div><div class=\"swiper-slide\"><img decoding=\"async\" width=\"1280\" height=\"720\" src=\"https:\/\/malsa.com.es\/wp-content\/uploads\/2023\/11\/uti3.jpg\" class=\"awb-background-slider__image lazyload\" alt=\"\" srcset=\"data:image\/svg+xml,%3Csvg%20xmlns%3D%27http%3A%2F%2Fwww.w3.org%2F2000%2Fsvg%27%20width%3D%271280%27%20height%3D%27720%27%20viewBox%3D%270%200%201280%20720%27%3E%3Crect%20width%3D%271280%27%20height%3D%27720%27%20fill-opacity%3D%220%22%2F%3E%3C%2Fsvg%3E\" data-orig-src=\"https:\/\/malsa.com.es\/wp-content\/uploads\/2023\/11\/uti3.jpg\" data-srcset=\"https:\/\/malsa.com.es\/wp-content\/uploads\/2023\/11\/uti3-300x169.jpg 300w, https:\/\/malsa.com.es\/wp-content\/uploads\/2023\/11\/uti3-768x432.jpg 768w, https:\/\/malsa.com.es\/wp-content\/uploads\/2023\/11\/uti3-1024x576.jpg 1024w, https:\/\/malsa.com.es\/wp-content\/uploads\/2023\/11\/uti3.jpg 1280w\" data-sizes=\"auto\" \/><\/div><\/div><\/div><\/div><div class=\"fusion-column-wrapper fusion-column-has-shadow fusion-flex-justify-content-center fusion-content-layout-column\"><div class=\"awb-column__content\"><\/div><\/div><\/div><\/div><\/div><div class=\"fusion-fullwidth fullwidth-box fusion-builder-row-3 fusion-flex-container has-pattern-background has-mask-background nonhundred-percent-fullwidth non-hundred-percent-height-scrolling\" style=\"--awb-border-radius-top-left:0px;--awb-border-radius-top-right:0px;--awb-border-radius-bottom-right:0px;--awb-border-radius-bottom-left:0px;--awb-padding-right:0px;--awb-padding-bottom:0px;--awb-padding-left:0px;--awb-margin-top:40px;--awb-margin-bottom:0px;--awb-flex-wrap:wrap;\" ><div class=\"fusion-builder-row fusion-row fusion-flex-align-items-center fusion-flex-justify-content-center fusion-flex-content-wrap\" style=\"max-width:1248px;margin-left: calc(-4% \/ 2 );margin-right: calc(-4% \/ 2 );\"><div class=\"fusion-layout-column fusion_builder_column fusion-builder-column-2 fusion_builder_column_1_1 1_1 fusion-flex-column\" style=\"--awb-padding-right:0px;--awb-padding-left:0px;--awb-bg-size:cover;--awb-width-large:100%;--awb-margin-top-large:0px;--awb-spacing-right-large:1.92%;--awb-margin-bottom-large:0px;--awb-spacing-left-large:1.92%;--awb-width-medium:100%;--awb-order-medium:0;--awb-spacing-right-medium:1.92%;--awb-spacing-left-medium:1.92%;--awb-width-small:100%;--awb-order-small:0;--awb-spacing-right-small:1.92%;--awb-spacing-left-small:1.92%;\" data-scroll-devices=\"small-visibility,medium-visibility,large-visibility\"><div class=\"fusion-column-wrapper fusion-column-has-shadow fusion-flex-justify-content-center fusion-content-layout-column\"><div class=\"fusion-text fusion-text-1\" style=\"--awb-content-alignment:justify;\"><p>MALSA stellt seit mehr als 35 Jahren Druckgussformen sowie alle notwendigen Werkzeuge f\u00fcr die Herstellung von Teilen unterschiedlicher Branchen her.<\/p>\n<p>Ausgehend von einem optimierten Entwurf, den die Technische Abteilung entwickelt hat, und unter Anwendung des gesammelten Know-hows nutzt das Team der Werkzeugfertigung die neuesten Technologien, die in diesem Bereich verf\u00fcgbar sind. Unsere Werkzeuge zeichnen sich unter anderem durch die folgenden Merkmale aus:<\/p>\n<ul>\n<li>Optimierte Temperierung der Gussform durch den Einsatz von Technologien wie der additiven Fertigung, die zur Verbesserung dieses Aspekts in der Gussform beitragen.<\/li>\n<li>Lokale und interne K\u00fchlung von Gusskernen und kritischen Bereichen der Gussform (Jet-Cooling).<\/li>\n<li>Optimierte Entl\u00fcftung der Kavit\u00e4ten \u00fcber Chillvents.<\/li>\n<li>Verbesserte Haltbarkeit der Gussform durch Oberfl\u00e4chenbeschichtung und W\u00e4rmebehandlung.<\/li>\n<\/ul>\n<p>Wir verf\u00fcgen auch \u00fcber die besten Ressourcen zur Entwicklung der Werkzeuge, mit denen Ihr Projekt umgesetzt werden soll:<\/p>\n<ul>\n<li>3-Achsen Bearbeitungszentren (Hochgeschwindigkeit)<\/li>\n<li>5-Achsen Bearbeitungszentren (Hochgeschwindigkeit)<\/li>\n<li>CNC-Erodiermaschinen<\/li>\n<li>Schleif-, CNC-Dreh- und Bohrmaschinen<\/li>\n<li>Testbereich zur Fertigung von Prototypen und Vorserienprodukten<\/li>\n<\/ul>\n<\/div><\/div><\/div><\/div><\/div><\/p>\n","protected":false},"excerpt":{"rendered":"","protected":false},"author":1,"featured_media":0,"parent":0,"menu_order":0,"comment_status":"closed","ping_status":"closed","template":"100-width.php","meta":{"footnotes":""},"class_list":["post-1434","page","type-page","status-publish","hentry"],"yoast_head":"<!-- This site is optimized with the Yoast SEO plugin v27.5 - https:\/\/yoast.com\/product\/yoast-seo-wordpress\/ -->\n<title>Werkzeugbau - Malsa Metalurgica del Aluminio SA<\/title>\n<meta name=\"robots\" content=\"index, follow, max-snippet:-1, max-image-preview:large, max-video-preview:-1\" \/>\n<link rel=\"canonical\" href=\"https:\/\/malsa.com.es\/de\/utillajes\/\" \/>\n<meta property=\"og:locale\" content=\"de_DE\" \/>\n<meta property=\"og:type\" content=\"article\" \/>\n<meta property=\"og:title\" content=\"Werkzeugbau - Malsa Metalurgica del Aluminio SA\" \/>\n<meta property=\"og:url\" content=\"https:\/\/malsa.com.es\/de\/utillajes\/\" \/>\n<meta property=\"og:site_name\" content=\"Malsa Metalurgica del Aluminio SA\" \/>\n<meta property=\"article:modified_time\" content=\"2025-03-04T07:52:08+00:00\" \/>\n<meta name=\"twitter:card\" content=\"summary_large_image\" \/>\n<script type=\"application\/ld+json\" class=\"yoast-schema-graph\">{\"@context\":\"https:\\\/\\\/schema.org\",\"@graph\":[{\"@type\":\"WebPage\",\"@id\":\"https:\\\/\\\/malsa.com.es\\\/de\\\/utillajes\\\/\",\"url\":\"https:\\\/\\\/malsa.com.es\\\/de\\\/utillajes\\\/\",\"name\":\"Werkzeugbau - Malsa Metalurgica del Aluminio SA\",\"isPartOf\":{\"@id\":\"https:\\\/\\\/malsa.com.es\\\/en\\\/#website\"},\"datePublished\":\"2023-11-30T15:51:47+00:00\",\"dateModified\":\"2025-03-04T07:52:08+00:00\",\"breadcrumb\":{\"@id\":\"https:\\\/\\\/malsa.com.es\\\/de\\\/utillajes\\\/#breadcrumb\"},\"inLanguage\":\"de-DE\",\"potentialAction\":[{\"@type\":\"ReadAction\",\"target\":[\"https:\\\/\\\/malsa.com.es\\\/de\\\/utillajes\\\/\"]}]},{\"@type\":\"BreadcrumbList\",\"@id\":\"https:\\\/\\\/malsa.com.es\\\/de\\\/utillajes\\\/#breadcrumb\",\"itemListElement\":[{\"@type\":\"ListItem\",\"position\":1,\"name\":\"Portada\",\"item\":\"https:\\\/\\\/malsa.com.es\\\/de\\\/\"},{\"@type\":\"ListItem\",\"position\":2,\"name\":\"Werkzeugbau\"}]},{\"@type\":\"WebSite\",\"@id\":\"https:\\\/\\\/malsa.com.es\\\/en\\\/#website\",\"url\":\"https:\\\/\\\/malsa.com.es\\\/en\\\/\",\"name\":\"MALSA\",\"description\":\"Nos dedicamos a la fabricaci\u00f3n de utillajes, fundici\u00f3n inyectada y mecanizaci\u00f3n de piezas de aluminio.\",\"publisher\":{\"@id\":\"https:\\\/\\\/malsa.com.es\\\/en\\\/#organization\"},\"potentialAction\":[{\"@type\":\"SearchAction\",\"target\":{\"@type\":\"EntryPoint\",\"urlTemplate\":\"https:\\\/\\\/malsa.com.es\\\/en\\\/?s={search_term_string}\"},\"query-input\":{\"@type\":\"PropertyValueSpecification\",\"valueRequired\":true,\"valueName\":\"search_term_string\"}}],\"inLanguage\":\"de-DE\"},{\"@type\":\"Organization\",\"@id\":\"https:\\\/\\\/malsa.com.es\\\/en\\\/#organization\",\"name\":\"Malsa Metalurgica del Aluminio SA\",\"url\":\"https:\\\/\\\/malsa.com.es\\\/en\\\/\",\"logo\":{\"@type\":\"ImageObject\",\"inLanguage\":\"de-DE\",\"@id\":\"https:\\\/\\\/malsa.com.es\\\/en\\\/#\\\/schema\\\/logo\\\/image\\\/\",\"url\":\"https:\\\/\\\/malsa.com.es\\\/wp-content\\\/uploads\\\/2017\\\/01\\\/Logo-Malsa1.jpg\",\"contentUrl\":\"https:\\\/\\\/malsa.com.es\\\/wp-content\\\/uploads\\\/2017\\\/01\\\/Logo-Malsa1.jpg\",\"width\":130,\"height\":55,\"caption\":\"Malsa Metalurgica del Aluminio SA\"},\"image\":{\"@id\":\"https:\\\/\\\/malsa.com.es\\\/en\\\/#\\\/schema\\\/logo\\\/image\\\/\"}}]}<\/script>\n<!-- \/ Yoast SEO plugin. -->","yoast_head_json":{"title":"Werkzeugbau - Malsa Metalurgica del Aluminio SA","robots":{"index":"index","follow":"follow","max-snippet":"max-snippet:-1","max-image-preview":"max-image-preview:large","max-video-preview":"max-video-preview:-1"},"canonical":"https:\/\/malsa.com.es\/de\/utillajes\/","og_locale":"de_DE","og_type":"article","og_title":"Werkzeugbau - Malsa Metalurgica del Aluminio SA","og_url":"https:\/\/malsa.com.es\/de\/utillajes\/","og_site_name":"Malsa Metalurgica del Aluminio SA","article_modified_time":"2025-03-04T07:52:08+00:00","twitter_card":"summary_large_image","schema":{"@context":"https:\/\/schema.org","@graph":[{"@type":"WebPage","@id":"https:\/\/malsa.com.es\/de\/utillajes\/","url":"https:\/\/malsa.com.es\/de\/utillajes\/","name":"Werkzeugbau - Malsa Metalurgica del Aluminio SA","isPartOf":{"@id":"https:\/\/malsa.com.es\/en\/#website"},"datePublished":"2023-11-30T15:51:47+00:00","dateModified":"2025-03-04T07:52:08+00:00","breadcrumb":{"@id":"https:\/\/malsa.com.es\/de\/utillajes\/#breadcrumb"},"inLanguage":"de-DE","potentialAction":[{"@type":"ReadAction","target":["https:\/\/malsa.com.es\/de\/utillajes\/"]}]},{"@type":"BreadcrumbList","@id":"https:\/\/malsa.com.es\/de\/utillajes\/#breadcrumb","itemListElement":[{"@type":"ListItem","position":1,"name":"Portada","item":"https:\/\/malsa.com.es\/de\/"},{"@type":"ListItem","position":2,"name":"Werkzeugbau"}]},{"@type":"WebSite","@id":"https:\/\/malsa.com.es\/en\/#website","url":"https:\/\/malsa.com.es\/en\/","name":"MALSA","description":"Nos dedicamos a la fabricaci\u00f3n de utillajes, fundici\u00f3n inyectada y mecanizaci\u00f3n de piezas de aluminio.","publisher":{"@id":"https:\/\/malsa.com.es\/en\/#organization"},"potentialAction":[{"@type":"SearchAction","target":{"@type":"EntryPoint","urlTemplate":"https:\/\/malsa.com.es\/en\/?s={search_term_string}"},"query-input":{"@type":"PropertyValueSpecification","valueRequired":true,"valueName":"search_term_string"}}],"inLanguage":"de-DE"},{"@type":"Organization","@id":"https:\/\/malsa.com.es\/en\/#organization","name":"Malsa Metalurgica del Aluminio SA","url":"https:\/\/malsa.com.es\/en\/","logo":{"@type":"ImageObject","inLanguage":"de-DE","@id":"https:\/\/malsa.com.es\/en\/#\/schema\/logo\/image\/","url":"https:\/\/malsa.com.es\/wp-content\/uploads\/2017\/01\/Logo-Malsa1.jpg","contentUrl":"https:\/\/malsa.com.es\/wp-content\/uploads\/2017\/01\/Logo-Malsa1.jpg","width":130,"height":55,"caption":"Malsa Metalurgica del Aluminio SA"},"image":{"@id":"https:\/\/malsa.com.es\/en\/#\/schema\/logo\/image\/"}}]}},"_links":{"self":[{"href":"https:\/\/malsa.com.es\/de\/wp-json\/wp\/v2\/pages\/1434","targetHints":{"allow":["GET"]}}],"collection":[{"href":"https:\/\/malsa.com.es\/de\/wp-json\/wp\/v2\/pages"}],"about":[{"href":"https:\/\/malsa.com.es\/de\/wp-json\/wp\/v2\/types\/page"}],"author":[{"embeddable":true,"href":"https:\/\/malsa.com.es\/de\/wp-json\/wp\/v2\/users\/1"}],"replies":[{"embeddable":true,"href":"https:\/\/malsa.com.es\/de\/wp-json\/wp\/v2\/comments?post=1434"}],"version-history":[{"count":0,"href":"https:\/\/malsa.com.es\/de\/wp-json\/wp\/v2\/pages\/1434\/revisions"}],"wp:attachment":[{"href":"https:\/\/malsa.com.es\/de\/wp-json\/wp\/v2\/media?parent=1434"}],"curies":[{"name":"wp","href":"https:\/\/api.w.org\/{rel}","templated":true}]}}