{"id":787,"date":"2016-12-30T11:59:38","date_gmt":"2016-12-30T10:59:38","guid":{"rendered":"http:\/\/malsa.com.es\/index.php\/787-2\/"},"modified":"2025-03-03T10:55:37","modified_gmt":"2025-03-03T09:55:37","slug":"ueber-uns","status":"publish","type":"page","link":"https:\/\/malsa.com.es\/de\/ueber-uns\/","title":{"rendered":"\u00dcBER UNS"},"content":{"rendered":"<p><div class=\"fusion-fullwidth fullwidth-box fusion-builder-row-1 fusion-flex-container hundred-percent-fullwidth non-hundred-percent-height-scrolling\" style=\"--awb-border-radius-top-left:0px;--awb-border-radius-top-right:0px;--awb-border-radius-bottom-right:0px;--awb-border-radius-bottom-left:0px;--awb-padding-right:0px;--awb-padding-bottom:0px;--awb-padding-left:0px;--awb-margin-top:0px;--awb-margin-bottom:0px;--awb-flex-wrap:wrap;\" ><div class=\"fusion-builder-row fusion-row fusion-flex-align-items-center fusion-flex-justify-content-center fusion-flex-content-wrap\" style=\"width:104% !important;max-width:104% !important;margin-left: calc(-4% \/ 2 );margin-right: calc(-4% \/ 2 );\"><div class=\"fusion-layout-column fusion_builder_column fusion-builder-column-0 fusion_builder_column_1_1 1_1 fusion-flex-column\" style=\"--awb-padding-top:20px;--awb-bg-size:cover;--awb-width-large:100%;--awb-margin-top-large:0px;--awb-spacing-right-large:1.92%;--awb-margin-bottom-large:20px;--awb-spacing-left-large:1.92%;--awb-width-medium:100%;--awb-order-medium:0;--awb-spacing-right-medium:1.92%;--awb-spacing-left-medium:1.92%;--awb-width-small:100%;--awb-order-small:0;--awb-spacing-right-small:1.92%;--awb-spacing-left-small:1.92%;\"><div class=\"fusion-column-wrapper fusion-column-has-shadow fusion-flex-justify-content-flex-start fusion-content-layout-column\"><div class=\"fusion-title title fusion-title-1 fusion-sep-none fusion-title-center fusion-title-text fusion-title-size-one\" style=\"--awb-text-color:var(--awb-color4);--awb-margin-top-small:10px;--awb-margin-right-small:0px;--awb-margin-bottom-small:10px;--awb-margin-left-small:0px;--awb-font-size:42px;\"><h1 class=\"fusion-title-heading title-heading-center\" style=\"font-family:&quot;Inter&quot;;font-style:normal;font-weight:700;margin:0;text-transform:uppercase;font-size:1em;\"><p class=\"fusion-responsive-typography-calculated\" data-fontsize=\"48\" data-lineheight=\"normal\">\u00dcBER UNS<\/p><\/h1><\/div><\/div><\/div><\/div><\/div><div class=\"fusion-fullwidth fullwidth-box fusion-builder-row-2 fusion-flex-container hundred-percent-fullwidth non-hundred-percent-height-scrolling\" style=\"--awb-border-radius-top-left:0px;--awb-border-radius-top-right:0px;--awb-border-radius-bottom-right:0px;--awb-border-radius-bottom-left:0px;--awb-padding-right:0px;--awb-padding-bottom:0px;--awb-padding-left:0px;--awb-margin-top:0px;--awb-margin-bottom:0px;--awb-flex-wrap:wrap;\" ><div class=\"fusion-builder-row fusion-row fusion-flex-align-items-center fusion-flex-justify-content-center fusion-flex-content-wrap\" style=\"width:104% !important;max-width:104% !important;margin-left: calc(-4% \/ 2 );margin-right: calc(-4% \/ 2 );\"><div class=\"fusion-layout-column fusion_builder_column fusion-builder-column-1 fusion_builder_column_1_1 1_1 fusion-flex-column\" style=\"--awb-padding-top:15%;--awb-padding-right:0px;--awb-padding-bottom:15%;--awb-padding-left:0px;--awb-bg-size:cover;--awb-width-large:100%;--awb-margin-top-large:0px;--awb-spacing-right-large:1.92%;--awb-margin-bottom-large:0px;--awb-spacing-left-large:1.92%;--awb-width-medium:100%;--awb-order-medium:0;--awb-spacing-right-medium:1.92%;--awb-spacing-left-medium:1.92%;--awb-width-small:100%;--awb-order-small:0;--awb-spacing-right-small:1.92%;--awb-spacing-left-small:1.92%;\" data-scroll-devices=\"small-visibility,medium-visibility,large-visibility\"><div class=\"awb-column__background-slider\" ><div class=\"awb-background-slider\" data-type=\"column\" data-loop=\"yes\" data-animation=\"fade\" data-slideshow-speed=\"5000\" data-animation-speed=\"800\" data-direction=\"up\" style=\"--awb-image-position:50% 50%;\"><div class=\"swiper-wrapper\"><div class=\"swiper-slide\"><img decoding=\"async\" width=\"2000\" height=\"1335\" src=\"https:\/\/malsa.com.es\/wp-content\/uploads\/2017\/01\/3-4.jpg\" class=\"awb-background-slider__image lazyload\" alt=\"\" srcset=\"data:image\/svg+xml,%3Csvg%20xmlns%3D%27http%3A%2F%2Fwww.w3.org%2F2000%2Fsvg%27%20width%3D%272000%27%20height%3D%271335%27%20viewBox%3D%270%200%202000%201335%27%3E%3Crect%20width%3D%272000%27%20height%3D%271335%27%20fill-opacity%3D%220%22%2F%3E%3C%2Fsvg%3E\" data-orig-src=\"https:\/\/malsa.com.es\/wp-content\/uploads\/2017\/01\/3-4.jpg\" data-srcset=\"https:\/\/malsa.com.es\/wp-content\/uploads\/2017\/01\/3-4-300x200.jpg 300w, https:\/\/malsa.com.es\/wp-content\/uploads\/2017\/01\/3-4-768x513.jpg 768w, https:\/\/malsa.com.es\/wp-content\/uploads\/2017\/01\/3-4-1024x684.jpg 1024w, https:\/\/malsa.com.es\/wp-content\/uploads\/2017\/01\/3-4.jpg 2000w\" data-sizes=\"auto\" \/><\/div><div class=\"swiper-slide\"><img decoding=\"async\" width=\"2000\" height=\"1335\" src=\"https:\/\/malsa.com.es\/wp-content\/uploads\/2023\/11\/Foto-Cval1.jpg\" class=\"awb-background-slider__image lazyload\" alt=\"\" srcset=\"data:image\/svg+xml,%3Csvg%20xmlns%3D%27http%3A%2F%2Fwww.w3.org%2F2000%2Fsvg%27%20width%3D%272000%27%20height%3D%271335%27%20viewBox%3D%270%200%202000%201335%27%3E%3Crect%20width%3D%272000%27%20height%3D%271335%27%20fill-opacity%3D%220%22%2F%3E%3C%2Fsvg%3E\" data-orig-src=\"https:\/\/malsa.com.es\/wp-content\/uploads\/2023\/11\/Foto-Cval1.jpg\" data-srcset=\"https:\/\/malsa.com.es\/wp-content\/uploads\/2023\/11\/Foto-Cval1-300x200.jpg 300w, https:\/\/malsa.com.es\/wp-content\/uploads\/2023\/11\/Foto-Cval1-768x513.jpg 768w, https:\/\/malsa.com.es\/wp-content\/uploads\/2023\/11\/Foto-Cval1-1024x684.jpg 1024w, https:\/\/malsa.com.es\/wp-content\/uploads\/2023\/11\/Foto-Cval1-1536x1025.jpg 1536w, https:\/\/malsa.com.es\/wp-content\/uploads\/2023\/11\/Foto-Cval1.jpg 2000w\" data-sizes=\"auto\" \/><\/div><\/div><\/div><\/div><div class=\"fusion-column-wrapper fusion-column-has-shadow fusion-flex-justify-content-center fusion-content-layout-column\"><div class=\"awb-column__content\"><\/div><\/div><\/div><\/div><\/div><div class=\"fusion-fullwidth fullwidth-box fusion-builder-row-3 fusion-flex-container nonhundred-percent-fullwidth non-hundred-percent-height-scrolling\" style=\"--awb-border-radius-top-left:0px;--awb-border-radius-top-right:0px;--awb-border-radius-bottom-right:0px;--awb-border-radius-bottom-left:0px;--awb-flex-wrap:wrap;\" ><div class=\"fusion-builder-row fusion-row fusion-flex-align-items-flex-start fusion-flex-content-wrap\" style=\"max-width:1248px;margin-left: calc(-4% \/ 2 );margin-right: calc(-4% \/ 2 );\"><div class=\"fusion-layout-column fusion_builder_column fusion-builder-column-2 fusion_builder_column_1_1 1_1 fusion-flex-column\" style=\"--awb-bg-size:cover;--awb-width-large:100%;--awb-margin-top-large:0px;--awb-spacing-right-large:1.92%;--awb-margin-bottom-large:0px;--awb-spacing-left-large:1.92%;--awb-width-medium:100%;--awb-spacing-right-medium:1.92%;--awb-spacing-left-medium:1.92%;--awb-width-small:100%;--awb-spacing-right-small:1.92%;--awb-spacing-left-small:1.92%;\"><div class=\"fusion-column-wrapper fusion-flex-justify-content-flex-start fusion-content-layout-column\"><div class=\"fusion-text fusion-text-1 fusion-text-no-margin\" style=\"--awb-content-alignment:justify;--awb-margin-top:40px;--awb-margin-right:40px;--awb-margin-bottom:40px;--awb-margin-left:40px;\"><p><span style=\"color: #000000;\">Seit der Gr\u00fcndung des Unternehmens im Jahr 1989, lautete unser Grundsatz immer, das weitgef\u00e4cherte Know-how unserer Mitarbeiter auf jeden Bereich unserer Branche anzuwenden. Dieses hat uns zu jedem Zeitpunkt erlaubt, das maximale Potential der im Aluminiumdruckguss angewendeten Technologien auszusch\u00f6pfen.<\/span><\/p>\n<div class=\"page\" title=\"Page 1\">\n<div class=\"section\">\n<div class=\"layoutArea\">\n<div class=\"column\">\n<p><span style=\"color: #000000;\">In dem Ma\u00dfe in welchem das Prinzip von Evolution und Ver\u00e4nderung im Unternehmen an Bedeutung gewann, hat dieses die Organisation mehr und mehr durchdrungen. Der strategische Ansatz der Gesch\u00e4ftsf\u00fchrung wurde auf die kontinuirliche Verbesserung ausgerichtet, und auf diese Weise haben wir nach und nach Teile mit niedriger und mittlerer Komplexit\u00e4t hinter uns gelassen, um uns mit ambitionierteren Projekten zu befassen. Heute stellen wir Formen und andere Werkzeuge hoher Komplexit\u00e4t her, welche uns erlauben, sehr komplizierte Teile mit konkreten technischen Spezifikationen und hohen\u00a0 Anforderungen an die Dichtigkeit herzustellen.<\/span><\/p>\n<p><span style=\"color: #000000;\">Nach diesem technischen Qualit\u00e4tssprung wurde uns bewusst, da\u00df das erlangte Qualit\u00e4tsniveau bei Produkt und Produktionsprozess, nicht ohne ein entsprechendes Qualit\u00e4tsmanagementsystem weiterentwickelt werden konnte. Dadurch entschied sich das Unternehmen, das bereits existierende Qualit\u00e4tsmangementsystem auf die internationale ISO 9001 Norm anzupassen, dessen erste Zertifizierung wir im Jahr 1999 erlangten\u00a0und welches seither in Kraft ist und beibehalten wird.<\/span><\/p>\n<p><span style=\"color: #000000;\">Obgleich die Einf\u00fchrung der ISO 9001 in unserer Organisation die T\u00fcr zu neuen und prestigetr\u00e4chtigen Kunden \u00f6ffnete und unseren Umsatz betr\u00e4chtlich erh\u00f6te, entschied die Gesch\u00e4ftsleitung, dass sich MALSA mit diesem Zustand nicht zufrieden gibt und initiierte Anfang 2016 den Weg zur internationalen IATF 16949:2016 Norm (die alte ISO TS), in welcher wir die Zertifizierung Anfang 2018 bekommen haben. Diese Zertifizierung erlaubt uns nicht nur den Eintritt in neue M\u00e4rkte, sondern auch die Qualt\u00e4tsanforderungen der Automobilindustrie zu erf\u00fcllen.<\/span><\/p>\n<p><span style=\"color: #000000;\">Nur auf diese Weise, indem wir die Qualit\u00e4t der Produkte (an Hand der besten Produktionstechnologie) und der Prozesse (durch ein integriertes Qualit\u00e4tssystem) sichern, k\u00f6nnen wir den Anforderungen des Marktes gen\u00fcgen.\u00a0<\/span><\/p>\n<\/div>\n<\/div>\n<\/div>\n<\/div>\n<p><img decoding=\"async\" class=\"lazyload size-medium wp-image-1220 aligncenter\" src=\"https:\/\/malsa.com.es\/wp-content\/uploads\/2016\/12\/Nueva-Firma-300x188.png\" data-orig-src=\"https:\/\/malsa.com.es\/wp-content\/uploads\/2016\/12\/Nueva-Firma-300x188.png\" alt=\"\" width=\"300\" height=\"188\" srcset=\"data:image\/svg+xml,%3Csvg%20xmlns%3D%27http%3A%2F%2Fwww.w3.org%2F2000%2Fsvg%27%20width%3D%27300%27%20height%3D%27188%27%20viewBox%3D%270%200%20300%20188%27%3E%3Crect%20width%3D%27300%27%20height%3D%27188%27%20fill-opacity%3D%220%22%2F%3E%3C%2Fsvg%3E\" data-srcset=\"https:\/\/malsa.com.es\/wp-content\/uploads\/2016\/12\/Nueva-Firma-300x188.png 300w, https:\/\/malsa.com.es\/wp-content\/uploads\/2016\/12\/Nueva-Firma.png 354w\" data-sizes=\"auto\" data-orig-sizes=\"(max-width: 300px) 100vw, 300px\" \/><\/p>\n<\/div><\/div><\/div><\/div><\/div><\/p>\n","protected":false},"excerpt":{"rendered":"","protected":false},"author":1,"featured_media":1169,"parent":0,"menu_order":0,"comment_status":"closed","ping_status":"open","template":"100-width.php","meta":{"footnotes":""},"class_list":["post-787","page","type-page","status-publish","has-post-thumbnail","hentry"],"yoast_head":"<!-- This site is optimized with the Yoast SEO plugin v27.5 - https:\/\/yoast.com\/product\/yoast-seo-wordpress\/ -->\n<title>\u00dcBER UNS - Malsa Metalurgica del Aluminio SA<\/title>\n<meta name=\"robots\" content=\"index, follow, max-snippet:-1, max-image-preview:large, max-video-preview:-1\" \/>\n<link rel=\"canonical\" href=\"https:\/\/malsa.com.es\/de\/ueber-uns\/\" \/>\n<meta property=\"og:locale\" content=\"de_DE\" \/>\n<meta property=\"og:type\" content=\"article\" \/>\n<meta property=\"og:title\" content=\"\u00dcBER UNS - Malsa Metalurgica del Aluminio SA\" \/>\n<meta property=\"og:url\" content=\"https:\/\/malsa.com.es\/de\/ueber-uns\/\" \/>\n<meta property=\"og:site_name\" content=\"Malsa Metalurgica del Aluminio SA\" \/>\n<meta property=\"article:modified_time\" content=\"2025-03-03T09:55:37+00:00\" \/>\n<meta property=\"og:image\" content=\"https:\/\/malsa.com.es\/wp-content\/uploads\/2017\/01\/3-4.jpg\" \/>\n\t<meta property=\"og:image:width\" content=\"2000\" \/>\n\t<meta property=\"og:image:height\" content=\"1335\" \/>\n\t<meta property=\"og:image:type\" content=\"image\/jpeg\" \/>\n<meta name=\"twitter:card\" content=\"summary_large_image\" \/>\n<script type=\"application\/ld+json\" class=\"yoast-schema-graph\">{\"@context\":\"https:\\\/\\\/schema.org\",\"@graph\":[{\"@type\":\"WebPage\",\"@id\":\"https:\\\/\\\/malsa.com.es\\\/de\\\/ueber-uns\\\/\",\"url\":\"https:\\\/\\\/malsa.com.es\\\/de\\\/ueber-uns\\\/\",\"name\":\"\u00dcBER UNS - Malsa Metalurgica del Aluminio SA\",\"isPartOf\":{\"@id\":\"https:\\\/\\\/malsa.com.es\\\/en\\\/#website\"},\"primaryImageOfPage\":{\"@id\":\"https:\\\/\\\/malsa.com.es\\\/de\\\/ueber-uns\\\/#primaryimage\"},\"image\":{\"@id\":\"https:\\\/\\\/malsa.com.es\\\/de\\\/ueber-uns\\\/#primaryimage\"},\"thumbnailUrl\":\"https:\\\/\\\/malsa.com.es\\\/wp-content\\\/uploads\\\/2017\\\/01\\\/3-4.jpg\",\"datePublished\":\"2016-12-30T10:59:38+00:00\",\"dateModified\":\"2025-03-03T09:55:37+00:00\",\"breadcrumb\":{\"@id\":\"https:\\\/\\\/malsa.com.es\\\/de\\\/ueber-uns\\\/#breadcrumb\"},\"inLanguage\":\"de-DE\",\"potentialAction\":[{\"@type\":\"ReadAction\",\"target\":[\"https:\\\/\\\/malsa.com.es\\\/de\\\/ueber-uns\\\/\"]}]},{\"@type\":\"ImageObject\",\"inLanguage\":\"de-DE\",\"@id\":\"https:\\\/\\\/malsa.com.es\\\/de\\\/ueber-uns\\\/#primaryimage\",\"url\":\"https:\\\/\\\/malsa.com.es\\\/wp-content\\\/uploads\\\/2017\\\/01\\\/3-4.jpg\",\"contentUrl\":\"https:\\\/\\\/malsa.com.es\\\/wp-content\\\/uploads\\\/2017\\\/01\\\/3-4.jpg\",\"width\":2000,\"height\":1335},{\"@type\":\"BreadcrumbList\",\"@id\":\"https:\\\/\\\/malsa.com.es\\\/de\\\/ueber-uns\\\/#breadcrumb\",\"itemListElement\":[{\"@type\":\"ListItem\",\"position\":1,\"name\":\"Portada\",\"item\":\"https:\\\/\\\/malsa.com.es\\\/de\\\/\"},{\"@type\":\"ListItem\",\"position\":2,\"name\":\"\u00dcBER UNS\"}]},{\"@type\":\"WebSite\",\"@id\":\"https:\\\/\\\/malsa.com.es\\\/en\\\/#website\",\"url\":\"https:\\\/\\\/malsa.com.es\\\/en\\\/\",\"name\":\"MALSA\",\"description\":\"Nos dedicamos a la fabricaci\u00f3n de utillajes, fundici\u00f3n inyectada y mecanizaci\u00f3n de piezas de aluminio.\",\"publisher\":{\"@id\":\"https:\\\/\\\/malsa.com.es\\\/en\\\/#organization\"},\"potentialAction\":[{\"@type\":\"SearchAction\",\"target\":{\"@type\":\"EntryPoint\",\"urlTemplate\":\"https:\\\/\\\/malsa.com.es\\\/en\\\/?s={search_term_string}\"},\"query-input\":{\"@type\":\"PropertyValueSpecification\",\"valueRequired\":true,\"valueName\":\"search_term_string\"}}],\"inLanguage\":\"de-DE\"},{\"@type\":\"Organization\",\"@id\":\"https:\\\/\\\/malsa.com.es\\\/en\\\/#organization\",\"name\":\"Malsa Metalurgica del Aluminio SA\",\"url\":\"https:\\\/\\\/malsa.com.es\\\/en\\\/\",\"logo\":{\"@type\":\"ImageObject\",\"inLanguage\":\"de-DE\",\"@id\":\"https:\\\/\\\/malsa.com.es\\\/en\\\/#\\\/schema\\\/logo\\\/image\\\/\",\"url\":\"https:\\\/\\\/malsa.com.es\\\/wp-content\\\/uploads\\\/2017\\\/01\\\/Logo-Malsa1.jpg\",\"contentUrl\":\"https:\\\/\\\/malsa.com.es\\\/wp-content\\\/uploads\\\/2017\\\/01\\\/Logo-Malsa1.jpg\",\"width\":130,\"height\":55,\"caption\":\"Malsa Metalurgica del Aluminio SA\"},\"image\":{\"@id\":\"https:\\\/\\\/malsa.com.es\\\/en\\\/#\\\/schema\\\/logo\\\/image\\\/\"}}]}<\/script>\n<!-- \/ Yoast SEO plugin. -->","yoast_head_json":{"title":"\u00dcBER UNS - Malsa Metalurgica del Aluminio SA","robots":{"index":"index","follow":"follow","max-snippet":"max-snippet:-1","max-image-preview":"max-image-preview:large","max-video-preview":"max-video-preview:-1"},"canonical":"https:\/\/malsa.com.es\/de\/ueber-uns\/","og_locale":"de_DE","og_type":"article","og_title":"\u00dcBER UNS - Malsa Metalurgica del Aluminio SA","og_url":"https:\/\/malsa.com.es\/de\/ueber-uns\/","og_site_name":"Malsa Metalurgica del Aluminio SA","article_modified_time":"2025-03-03T09:55:37+00:00","og_image":[{"width":2000,"height":1335,"url":"https:\/\/malsa.com.es\/wp-content\/uploads\/2017\/01\/3-4.jpg","type":"image\/jpeg"}],"twitter_card":"summary_large_image","schema":{"@context":"https:\/\/schema.org","@graph":[{"@type":"WebPage","@id":"https:\/\/malsa.com.es\/de\/ueber-uns\/","url":"https:\/\/malsa.com.es\/de\/ueber-uns\/","name":"\u00dcBER UNS - Malsa Metalurgica del Aluminio SA","isPartOf":{"@id":"https:\/\/malsa.com.es\/en\/#website"},"primaryImageOfPage":{"@id":"https:\/\/malsa.com.es\/de\/ueber-uns\/#primaryimage"},"image":{"@id":"https:\/\/malsa.com.es\/de\/ueber-uns\/#primaryimage"},"thumbnailUrl":"https:\/\/malsa.com.es\/wp-content\/uploads\/2017\/01\/3-4.jpg","datePublished":"2016-12-30T10:59:38+00:00","dateModified":"2025-03-03T09:55:37+00:00","breadcrumb":{"@id":"https:\/\/malsa.com.es\/de\/ueber-uns\/#breadcrumb"},"inLanguage":"de-DE","potentialAction":[{"@type":"ReadAction","target":["https:\/\/malsa.com.es\/de\/ueber-uns\/"]}]},{"@type":"ImageObject","inLanguage":"de-DE","@id":"https:\/\/malsa.com.es\/de\/ueber-uns\/#primaryimage","url":"https:\/\/malsa.com.es\/wp-content\/uploads\/2017\/01\/3-4.jpg","contentUrl":"https:\/\/malsa.com.es\/wp-content\/uploads\/2017\/01\/3-4.jpg","width":2000,"height":1335},{"@type":"BreadcrumbList","@id":"https:\/\/malsa.com.es\/de\/ueber-uns\/#breadcrumb","itemListElement":[{"@type":"ListItem","position":1,"name":"Portada","item":"https:\/\/malsa.com.es\/de\/"},{"@type":"ListItem","position":2,"name":"\u00dcBER UNS"}]},{"@type":"WebSite","@id":"https:\/\/malsa.com.es\/en\/#website","url":"https:\/\/malsa.com.es\/en\/","name":"MALSA","description":"Nos dedicamos a la fabricaci\u00f3n de utillajes, fundici\u00f3n inyectada y mecanizaci\u00f3n de piezas de aluminio.","publisher":{"@id":"https:\/\/malsa.com.es\/en\/#organization"},"potentialAction":[{"@type":"SearchAction","target":{"@type":"EntryPoint","urlTemplate":"https:\/\/malsa.com.es\/en\/?s={search_term_string}"},"query-input":{"@type":"PropertyValueSpecification","valueRequired":true,"valueName":"search_term_string"}}],"inLanguage":"de-DE"},{"@type":"Organization","@id":"https:\/\/malsa.com.es\/en\/#organization","name":"Malsa Metalurgica del Aluminio SA","url":"https:\/\/malsa.com.es\/en\/","logo":{"@type":"ImageObject","inLanguage":"de-DE","@id":"https:\/\/malsa.com.es\/en\/#\/schema\/logo\/image\/","url":"https:\/\/malsa.com.es\/wp-content\/uploads\/2017\/01\/Logo-Malsa1.jpg","contentUrl":"https:\/\/malsa.com.es\/wp-content\/uploads\/2017\/01\/Logo-Malsa1.jpg","width":130,"height":55,"caption":"Malsa Metalurgica del Aluminio SA"},"image":{"@id":"https:\/\/malsa.com.es\/en\/#\/schema\/logo\/image\/"}}]}},"_links":{"self":[{"href":"https:\/\/malsa.com.es\/de\/wp-json\/wp\/v2\/pages\/787","targetHints":{"allow":["GET"]}}],"collection":[{"href":"https:\/\/malsa.com.es\/de\/wp-json\/wp\/v2\/pages"}],"about":[{"href":"https:\/\/malsa.com.es\/de\/wp-json\/wp\/v2\/types\/page"}],"author":[{"embeddable":true,"href":"https:\/\/malsa.com.es\/de\/wp-json\/wp\/v2\/users\/1"}],"replies":[{"embeddable":true,"href":"https:\/\/malsa.com.es\/de\/wp-json\/wp\/v2\/comments?post=787"}],"version-history":[{"count":0,"href":"https:\/\/malsa.com.es\/de\/wp-json\/wp\/v2\/pages\/787\/revisions"}],"wp:featuredmedia":[{"embeddable":true,"href":"https:\/\/malsa.com.es\/de\/wp-json\/wp\/v2\/media\/1169"}],"wp:attachment":[{"href":"https:\/\/malsa.com.es\/de\/wp-json\/wp\/v2\/media?parent=787"}],"curies":[{"name":"wp","href":"https:\/\/api.w.org\/{rel}","templated":true}]}}