{"id":697,"date":"2016-12-30T11:59:38","date_gmt":"2016-12-30T10:59:38","guid":{"rendered":"http:\/\/malsa.com.es\/index.php\/pagina-ejemplo\/"},"modified":"2025-03-03T10:54:55","modified_gmt":"2025-03-03T09:54:55","slug":"about-us","status":"publish","type":"page","link":"https:\/\/malsa.com.es\/en\/about-us\/","title":{"rendered":"About us"},"content":{"rendered":"<p><div class=\"fusion-fullwidth fullwidth-box fusion-builder-row-1 fusion-flex-container hundred-percent-fullwidth non-hundred-percent-height-scrolling\" style=\"--awb-border-radius-top-left:0px;--awb-border-radius-top-right:0px;--awb-border-radius-bottom-right:0px;--awb-border-radius-bottom-left:0px;--awb-padding-right:0px;--awb-padding-bottom:0px;--awb-padding-left:0px;--awb-margin-top:0px;--awb-margin-bottom:0px;--awb-flex-wrap:wrap;\" ><div class=\"fusion-builder-row fusion-row fusion-flex-align-items-center fusion-flex-justify-content-center fusion-flex-content-wrap\" style=\"width:104% !important;max-width:104% !important;margin-left: calc(-4% \/ 2 );margin-right: calc(-4% \/ 2 );\"><div class=\"fusion-layout-column fusion_builder_column fusion-builder-column-0 fusion_builder_column_1_1 1_1 fusion-flex-column\" style=\"--awb-padding-top:20px;--awb-bg-size:cover;--awb-width-large:100%;--awb-margin-top-large:0px;--awb-spacing-right-large:1.92%;--awb-margin-bottom-large:20px;--awb-spacing-left-large:1.92%;--awb-width-medium:100%;--awb-order-medium:0;--awb-spacing-right-medium:1.92%;--awb-spacing-left-medium:1.92%;--awb-width-small:100%;--awb-order-small:0;--awb-spacing-right-small:1.92%;--awb-spacing-left-small:1.92%;\"><div class=\"fusion-column-wrapper fusion-column-has-shadow fusion-flex-justify-content-flex-start fusion-content-layout-column\"><div class=\"fusion-title title fusion-title-1 fusion-sep-none fusion-title-center fusion-title-text fusion-title-size-one\" style=\"--awb-text-color:var(--awb-color4);--awb-margin-top-small:10px;--awb-margin-right-small:0px;--awb-margin-bottom-small:10px;--awb-margin-left-small:0px;--awb-font-size:42px;\"><h1 class=\"fusion-title-heading title-heading-center\" style=\"font-family:&quot;Inter&quot;;font-style:normal;font-weight:700;margin:0;text-transform:uppercase;font-size:1em;\"><p class=\"fusion-responsive-typography-calculated\" data-fontsize=\"48\" data-lineheight=\"normal\">About us<\/p><\/h1><\/div><\/div><\/div><\/div><\/div><div class=\"fusion-fullwidth fullwidth-box fusion-builder-row-2 fusion-flex-container hundred-percent-fullwidth non-hundred-percent-height-scrolling\" style=\"--awb-border-radius-top-left:0px;--awb-border-radius-top-right:0px;--awb-border-radius-bottom-right:0px;--awb-border-radius-bottom-left:0px;--awb-padding-right:0px;--awb-padding-bottom:0px;--awb-padding-left:0px;--awb-margin-top:0px;--awb-margin-bottom:0px;--awb-flex-wrap:wrap;\" ><div class=\"fusion-builder-row fusion-row fusion-flex-align-items-center fusion-flex-justify-content-center fusion-flex-content-wrap\" style=\"width:104% !important;max-width:104% !important;margin-left: calc(-4% \/ 2 );margin-right: calc(-4% \/ 2 );\"><div class=\"fusion-layout-column fusion_builder_column fusion-builder-column-1 fusion_builder_column_1_1 1_1 fusion-flex-column\" style=\"--awb-padding-top:15%;--awb-padding-right:0px;--awb-padding-bottom:15%;--awb-padding-left:0px;--awb-bg-size:cover;--awb-width-large:100%;--awb-margin-top-large:0px;--awb-spacing-right-large:1.92%;--awb-margin-bottom-large:0px;--awb-spacing-left-large:1.92%;--awb-width-medium:100%;--awb-order-medium:0;--awb-spacing-right-medium:1.92%;--awb-spacing-left-medium:1.92%;--awb-width-small:100%;--awb-order-small:0;--awb-spacing-right-small:1.92%;--awb-spacing-left-small:1.92%;\" data-scroll-devices=\"small-visibility,medium-visibility,large-visibility\"><div class=\"awb-column__background-slider\" ><div class=\"awb-background-slider\" data-type=\"column\" data-loop=\"yes\" data-animation=\"fade\" data-slideshow-speed=\"5000\" data-animation-speed=\"800\" data-direction=\"up\" style=\"--awb-image-position:50% 50%;\"><div class=\"swiper-wrapper\"><div class=\"swiper-slide\"><img decoding=\"async\" width=\"2000\" height=\"1335\" src=\"https:\/\/malsa.com.es\/wp-content\/uploads\/2017\/01\/3-4.jpg\" class=\"awb-background-slider__image lazyload\" alt=\"\" srcset=\"data:image\/svg+xml,%3Csvg%20xmlns%3D%27http%3A%2F%2Fwww.w3.org%2F2000%2Fsvg%27%20width%3D%272000%27%20height%3D%271335%27%20viewBox%3D%270%200%202000%201335%27%3E%3Crect%20width%3D%272000%27%20height%3D%271335%27%20fill-opacity%3D%220%22%2F%3E%3C%2Fsvg%3E\" data-orig-src=\"https:\/\/malsa.com.es\/wp-content\/uploads\/2017\/01\/3-4.jpg\" data-srcset=\"https:\/\/malsa.com.es\/wp-content\/uploads\/2017\/01\/3-4-300x200.jpg 300w, https:\/\/malsa.com.es\/wp-content\/uploads\/2017\/01\/3-4-768x513.jpg 768w, https:\/\/malsa.com.es\/wp-content\/uploads\/2017\/01\/3-4-1024x684.jpg 1024w, https:\/\/malsa.com.es\/wp-content\/uploads\/2017\/01\/3-4.jpg 2000w\" data-sizes=\"auto\" \/><\/div><div class=\"swiper-slide\"><img decoding=\"async\" width=\"2000\" height=\"1335\" src=\"https:\/\/malsa.com.es\/wp-content\/uploads\/2023\/11\/Foto-Cval1.jpg\" class=\"awb-background-slider__image lazyload\" alt=\"\" srcset=\"data:image\/svg+xml,%3Csvg%20xmlns%3D%27http%3A%2F%2Fwww.w3.org%2F2000%2Fsvg%27%20width%3D%272000%27%20height%3D%271335%27%20viewBox%3D%270%200%202000%201335%27%3E%3Crect%20width%3D%272000%27%20height%3D%271335%27%20fill-opacity%3D%220%22%2F%3E%3C%2Fsvg%3E\" data-orig-src=\"https:\/\/malsa.com.es\/wp-content\/uploads\/2023\/11\/Foto-Cval1.jpg\" data-srcset=\"https:\/\/malsa.com.es\/wp-content\/uploads\/2023\/11\/Foto-Cval1-300x200.jpg 300w, https:\/\/malsa.com.es\/wp-content\/uploads\/2023\/11\/Foto-Cval1-768x513.jpg 768w, https:\/\/malsa.com.es\/wp-content\/uploads\/2023\/11\/Foto-Cval1-1024x684.jpg 1024w, https:\/\/malsa.com.es\/wp-content\/uploads\/2023\/11\/Foto-Cval1-1536x1025.jpg 1536w, https:\/\/malsa.com.es\/wp-content\/uploads\/2023\/11\/Foto-Cval1.jpg 2000w\" data-sizes=\"auto\" \/><\/div><\/div><\/div><\/div><div class=\"fusion-column-wrapper fusion-column-has-shadow fusion-flex-justify-content-center fusion-content-layout-column\"><div class=\"awb-column__content\"><\/div><\/div><\/div><\/div><\/div><div class=\"fusion-fullwidth fullwidth-box fusion-builder-row-3 fusion-flex-container has-pattern-background has-mask-background nonhundred-percent-fullwidth non-hundred-percent-height-scrolling\" style=\"--awb-border-radius-top-left:0px;--awb-border-radius-top-right:0px;--awb-border-radius-bottom-right:0px;--awb-border-radius-bottom-left:0px;--awb-margin-top:40px;--awb-margin-bottom:40px;--awb-flex-wrap:wrap;\" ><div class=\"fusion-builder-row fusion-row fusion-flex-align-items-flex-start fusion-flex-content-wrap\" style=\"max-width:1248px;margin-left: calc(-4% \/ 2 );margin-right: calc(-4% \/ 2 );\"><div class=\"fusion-layout-column fusion_builder_column fusion-builder-column-2 fusion_builder_column_1_1 1_1 fusion-flex-column\" style=\"--awb-bg-size:cover;--awb-width-large:100%;--awb-margin-top-large:0px;--awb-spacing-right-large:1.92%;--awb-margin-bottom-large:0px;--awb-spacing-left-large:1.92%;--awb-width-medium:100%;--awb-spacing-right-medium:1.92%;--awb-spacing-left-medium:1.92%;--awb-width-small:100%;--awb-spacing-right-small:1.92%;--awb-spacing-left-small:1.92%;\"><div class=\"fusion-column-wrapper fusion-flex-justify-content-flex-start fusion-content-layout-column\"><div class=\"fusion-text fusion-text-1\" style=\"--awb-content-alignment:justify;\"><p><span style=\"color: #000000;\">Since the Company was founded in 1989, MALSA has always been driven by the aim of implementing the great knowledge and experience of our professionals in every field of our Industry. This has allowed us to obtain always the maximum potential from the technologies involved in the High Pressure Die Casting of Aluminum alloys.\u00a0<\/span><\/p>\n<p><span style=\"color: #000000;\">As MALSA developed, the concepts of evolution and change took deep roots in the Organization. The strategic approach of the Board aligned with the \u201cContinuous Improvement\u201d, fact that promoted the progression of our Manufacturing process. We left the low-to-medium difficulty parts sector to undertake much more ambitious projects. Nowadays, we manufacture high performance and high complexity molds and tools that allow us to produce far more complex parts, with very precise technical specifications and fairly demanding tightness requirements.\u00a0<\/span><\/p>\n<p><span style=\"color: #000000;\">After this great technical improvement, we realized that this product and manufacturing process quality we had reached\u00a0 could not keep developing without the corresponding Quality Management System. Therefore, we decided to adjust the existing Management System to the ISO 9001 international standard, whose certificate was obtained for the first time in 1999, and whose recertification\u00a0and has been mantained in effect since then.<\/span><\/p>\n<p><span style=\"color: #000000;\">Although the implementation of the ISO 9001 Standard opened MALSA the doors of new and prestigious clients and raised the turnover considerably, the Board knew that MALSA could not afford staying in this comfort zone and had to keep improving day after day. Hence, at beginning of 2016 the Company took the path of the IATF 16949 (old ISO TS 16949). This standard in which we were certified at the beginning of 2018, has not only enabled the Company to enter new markets, but also has helped us meeting the quality reuqirements of the Automotive Industry.<\/span><\/p>\n<p>Only by means of ensuring product quality (through the best manufacturing technologies) and management process quality (through an Integrated Quality Management), will MALSA be able to fulfill the market expectations.<\/p>\n<p><img decoding=\"async\" class=\"lazyload size-medium wp-image-981 aligncenter\" src=\"http:\/\/malsa.com.es\/wp-content\/uploads\/2016\/12\/Nueva-Firma-300x188.png\" data-orig-src=\"http:\/\/malsa.com.es\/wp-content\/uploads\/2016\/12\/Nueva-Firma-300x188.png\" alt=\"nueva-firma\" width=\"300\" height=\"188\" srcset=\"data:image\/svg+xml,%3Csvg%20xmlns%3D%27http%3A%2F%2Fwww.w3.org%2F2000%2Fsvg%27%20width%3D%27300%27%20height%3D%27188%27%20viewBox%3D%270%200%20300%20188%27%3E%3Crect%20width%3D%27300%27%20height%3D%27188%27%20fill-opacity%3D%220%22%2F%3E%3C%2Fsvg%3E\" data-srcset=\"https:\/\/malsa.com.es\/wp-content\/uploads\/2016\/12\/Nueva-Firma-300x188.png 300w, https:\/\/malsa.com.es\/wp-content\/uploads\/2016\/12\/Nueva-Firma.png 354w\" data-sizes=\"auto\" data-orig-sizes=\"(max-width: 300px) 100vw, 300px\" \/><\/p>\n<\/div><\/div><\/div><\/div><\/div><\/p>\n","protected":false},"excerpt":{"rendered":"","protected":false},"author":1,"featured_media":1168,"parent":0,"menu_order":0,"comment_status":"closed","ping_status":"open","template":"100-width.php","meta":{"footnotes":""},"class_list":["post-697","page","type-page","status-publish","has-post-thumbnail","hentry"],"yoast_head":"<!-- This site is optimized with the Yoast SEO plugin v27.6 - https:\/\/yoast.com\/product\/yoast-seo-wordpress\/ -->\n<title>About us - Malsa Metalurgica del Aluminio SA<\/title>\n<meta name=\"robots\" content=\"index, follow, max-snippet:-1, max-image-preview:large, max-video-preview:-1\" \/>\n<link rel=\"canonical\" href=\"https:\/\/malsa.com.es\/en\/about-us\/\" \/>\n<meta property=\"og:locale\" content=\"en_US\" \/>\n<meta property=\"og:type\" content=\"article\" \/>\n<meta property=\"og:title\" content=\"About us - Malsa Metalurgica del Aluminio SA\" \/>\n<meta property=\"og:url\" content=\"https:\/\/malsa.com.es\/en\/about-us\/\" \/>\n<meta property=\"og:site_name\" content=\"Malsa Metalurgica del Aluminio SA\" \/>\n<meta property=\"article:modified_time\" content=\"2025-03-03T09:54:55+00:00\" \/>\n<meta property=\"og:image\" content=\"https:\/\/malsa.com.es\/wp-content\/uploads\/2017\/01\/3-4.jpg\" \/>\n\t<meta property=\"og:image:width\" content=\"2000\" \/>\n\t<meta property=\"og:image:height\" content=\"1335\" \/>\n\t<meta property=\"og:image:type\" content=\"image\/jpeg\" \/>\n<meta name=\"twitter:card\" content=\"summary_large_image\" \/>\n<script type=\"application\/ld+json\" class=\"yoast-schema-graph\">{\"@context\":\"https:\\\/\\\/schema.org\",\"@graph\":[{\"@type\":\"WebPage\",\"@id\":\"https:\\\/\\\/malsa.com.es\\\/en\\\/about-us\\\/\",\"url\":\"https:\\\/\\\/malsa.com.es\\\/en\\\/about-us\\\/\",\"name\":\"About us - Malsa Metalurgica del Aluminio SA\",\"isPartOf\":{\"@id\":\"https:\\\/\\\/malsa.com.es\\\/#website\"},\"primaryImageOfPage\":{\"@id\":\"https:\\\/\\\/malsa.com.es\\\/en\\\/about-us\\\/#primaryimage\"},\"image\":{\"@id\":\"https:\\\/\\\/malsa.com.es\\\/en\\\/about-us\\\/#primaryimage\"},\"thumbnailUrl\":\"https:\\\/\\\/malsa.com.es\\\/wp-content\\\/uploads\\\/2017\\\/01\\\/3-4.jpg\",\"datePublished\":\"2016-12-30T10:59:38+00:00\",\"dateModified\":\"2025-03-03T09:54:55+00:00\",\"breadcrumb\":{\"@id\":\"https:\\\/\\\/malsa.com.es\\\/en\\\/about-us\\\/#breadcrumb\"},\"inLanguage\":\"en-US\",\"potentialAction\":[{\"@type\":\"ReadAction\",\"target\":[\"https:\\\/\\\/malsa.com.es\\\/en\\\/about-us\\\/\"]}]},{\"@type\":\"ImageObject\",\"inLanguage\":\"en-US\",\"@id\":\"https:\\\/\\\/malsa.com.es\\\/en\\\/about-us\\\/#primaryimage\",\"url\":\"https:\\\/\\\/malsa.com.es\\\/wp-content\\\/uploads\\\/2017\\\/01\\\/3-4.jpg\",\"contentUrl\":\"https:\\\/\\\/malsa.com.es\\\/wp-content\\\/uploads\\\/2017\\\/01\\\/3-4.jpg\",\"width\":2000,\"height\":1335},{\"@type\":\"BreadcrumbList\",\"@id\":\"https:\\\/\\\/malsa.com.es\\\/en\\\/about-us\\\/#breadcrumb\",\"itemListElement\":[{\"@type\":\"ListItem\",\"position\":1,\"name\":\"Portada\",\"item\":\"https:\\\/\\\/malsa.com.es\\\/en\\\/\"},{\"@type\":\"ListItem\",\"position\":2,\"name\":\"About us\"}]},{\"@type\":\"WebSite\",\"@id\":\"https:\\\/\\\/malsa.com.es\\\/#website\",\"url\":\"https:\\\/\\\/malsa.com.es\\\/\",\"name\":\"MALSA\",\"description\":\"Nos dedicamos a la fabricaci\u00f3n de utillajes, fundici\u00f3n inyectada y mecanizaci\u00f3n de piezas de aluminio.\",\"publisher\":{\"@id\":\"https:\\\/\\\/malsa.com.es\\\/#organization\"},\"potentialAction\":[{\"@type\":\"SearchAction\",\"target\":{\"@type\":\"EntryPoint\",\"urlTemplate\":\"https:\\\/\\\/malsa.com.es\\\/?s={search_term_string}\"},\"query-input\":{\"@type\":\"PropertyValueSpecification\",\"valueRequired\":true,\"valueName\":\"search_term_string\"}}],\"inLanguage\":\"en-US\"},{\"@type\":\"Organization\",\"@id\":\"https:\\\/\\\/malsa.com.es\\\/#organization\",\"name\":\"Malsa Metalurgica del Aluminio SA\",\"url\":\"https:\\\/\\\/malsa.com.es\\\/\",\"logo\":{\"@type\":\"ImageObject\",\"inLanguage\":\"en-US\",\"@id\":\"https:\\\/\\\/malsa.com.es\\\/#\\\/schema\\\/logo\\\/image\\\/\",\"url\":\"https:\\\/\\\/malsa.com.es\\\/wp-content\\\/uploads\\\/2017\\\/01\\\/Logo-Malsa1.jpg\",\"contentUrl\":\"https:\\\/\\\/malsa.com.es\\\/wp-content\\\/uploads\\\/2017\\\/01\\\/Logo-Malsa1.jpg\",\"width\":130,\"height\":55,\"caption\":\"Malsa Metalurgica del Aluminio SA\"},\"image\":{\"@id\":\"https:\\\/\\\/malsa.com.es\\\/#\\\/schema\\\/logo\\\/image\\\/\"}}]}<\/script>\n<!-- \/ Yoast SEO plugin. -->","yoast_head_json":{"title":"About us - Malsa Metalurgica del Aluminio SA","robots":{"index":"index","follow":"follow","max-snippet":"max-snippet:-1","max-image-preview":"max-image-preview:large","max-video-preview":"max-video-preview:-1"},"canonical":"https:\/\/malsa.com.es\/en\/about-us\/","og_locale":"en_US","og_type":"article","og_title":"About us - Malsa Metalurgica del Aluminio SA","og_url":"https:\/\/malsa.com.es\/en\/about-us\/","og_site_name":"Malsa Metalurgica del Aluminio SA","article_modified_time":"2025-03-03T09:54:55+00:00","og_image":[{"width":2000,"height":1335,"url":"https:\/\/malsa.com.es\/wp-content\/uploads\/2017\/01\/3-4.jpg","type":"image\/jpeg"}],"twitter_card":"summary_large_image","schema":{"@context":"https:\/\/schema.org","@graph":[{"@type":"WebPage","@id":"https:\/\/malsa.com.es\/en\/about-us\/","url":"https:\/\/malsa.com.es\/en\/about-us\/","name":"About us - Malsa Metalurgica del Aluminio SA","isPartOf":{"@id":"https:\/\/malsa.com.es\/#website"},"primaryImageOfPage":{"@id":"https:\/\/malsa.com.es\/en\/about-us\/#primaryimage"},"image":{"@id":"https:\/\/malsa.com.es\/en\/about-us\/#primaryimage"},"thumbnailUrl":"https:\/\/malsa.com.es\/wp-content\/uploads\/2017\/01\/3-4.jpg","datePublished":"2016-12-30T10:59:38+00:00","dateModified":"2025-03-03T09:54:55+00:00","breadcrumb":{"@id":"https:\/\/malsa.com.es\/en\/about-us\/#breadcrumb"},"inLanguage":"en-US","potentialAction":[{"@type":"ReadAction","target":["https:\/\/malsa.com.es\/en\/about-us\/"]}]},{"@type":"ImageObject","inLanguage":"en-US","@id":"https:\/\/malsa.com.es\/en\/about-us\/#primaryimage","url":"https:\/\/malsa.com.es\/wp-content\/uploads\/2017\/01\/3-4.jpg","contentUrl":"https:\/\/malsa.com.es\/wp-content\/uploads\/2017\/01\/3-4.jpg","width":2000,"height":1335},{"@type":"BreadcrumbList","@id":"https:\/\/malsa.com.es\/en\/about-us\/#breadcrumb","itemListElement":[{"@type":"ListItem","position":1,"name":"Portada","item":"https:\/\/malsa.com.es\/en\/"},{"@type":"ListItem","position":2,"name":"About us"}]},{"@type":"WebSite","@id":"https:\/\/malsa.com.es\/#website","url":"https:\/\/malsa.com.es\/","name":"MALSA","description":"Nos dedicamos a la fabricaci\u00f3n de utillajes, fundici\u00f3n inyectada y mecanizaci\u00f3n de piezas de aluminio.","publisher":{"@id":"https:\/\/malsa.com.es\/#organization"},"potentialAction":[{"@type":"SearchAction","target":{"@type":"EntryPoint","urlTemplate":"https:\/\/malsa.com.es\/?s={search_term_string}"},"query-input":{"@type":"PropertyValueSpecification","valueRequired":true,"valueName":"search_term_string"}}],"inLanguage":"en-US"},{"@type":"Organization","@id":"https:\/\/malsa.com.es\/#organization","name":"Malsa Metalurgica del Aluminio SA","url":"https:\/\/malsa.com.es\/","logo":{"@type":"ImageObject","inLanguage":"en-US","@id":"https:\/\/malsa.com.es\/#\/schema\/logo\/image\/","url":"https:\/\/malsa.com.es\/wp-content\/uploads\/2017\/01\/Logo-Malsa1.jpg","contentUrl":"https:\/\/malsa.com.es\/wp-content\/uploads\/2017\/01\/Logo-Malsa1.jpg","width":130,"height":55,"caption":"Malsa Metalurgica del Aluminio SA"},"image":{"@id":"https:\/\/malsa.com.es\/#\/schema\/logo\/image\/"}}]}},"_links":{"self":[{"href":"https:\/\/malsa.com.es\/en\/wp-json\/wp\/v2\/pages\/697","targetHints":{"allow":["GET"]}}],"collection":[{"href":"https:\/\/malsa.com.es\/en\/wp-json\/wp\/v2\/pages"}],"about":[{"href":"https:\/\/malsa.com.es\/en\/wp-json\/wp\/v2\/types\/page"}],"author":[{"embeddable":true,"href":"https:\/\/malsa.com.es\/en\/wp-json\/wp\/v2\/users\/1"}],"replies":[{"embeddable":true,"href":"https:\/\/malsa.com.es\/en\/wp-json\/wp\/v2\/comments?post=697"}],"version-history":[{"count":0,"href":"https:\/\/malsa.com.es\/en\/wp-json\/wp\/v2\/pages\/697\/revisions"}],"wp:featuredmedia":[{"embeddable":true,"href":"https:\/\/malsa.com.es\/en\/wp-json\/wp\/v2\/media\/1168"}],"wp:attachment":[{"href":"https:\/\/malsa.com.es\/en\/wp-json\/wp\/v2\/media?parent=697"}],"curies":[{"name":"wp","href":"https:\/\/api.w.org\/{rel}","templated":true}]}}