{"id":711,"date":"2016-12-31T13:03:33","date_gmt":"2016-12-31T12:03:33","guid":{"rendered":"http:\/\/malsa.com.es\/?page_id=711\/"},"modified":"2025-03-04T08:48:50","modified_gmt":"2025-03-04T07:48:50","slug":"shop","status":"publish","type":"page","link":"https:\/\/malsa.com.es\/en\/shop\/","title":{"rendered":"Part development and tooling design"},"content":{"rendered":"<p><div class=\"fusion-fullwidth fullwidth-box fusion-builder-row-1 fusion-flex-container hundred-percent-fullwidth non-hundred-percent-height-scrolling\" style=\"--awb-border-radius-top-left:0px;--awb-border-radius-top-right:0px;--awb-border-radius-bottom-right:0px;--awb-border-radius-bottom-left:0px;--awb-padding-right:0px;--awb-padding-bottom:0px;--awb-padding-left:0px;--awb-margin-top:0px;--awb-margin-bottom:0px;--awb-flex-wrap:wrap;\" ><div class=\"fusion-builder-row fusion-row fusion-flex-align-items-center fusion-flex-justify-content-center fusion-flex-content-wrap\" style=\"width:104% !important;max-width:104% !important;margin-left: calc(-4% \/ 2 );margin-right: calc(-4% \/ 2 );\"><div class=\"fusion-layout-column fusion_builder_column fusion-builder-column-0 fusion_builder_column_1_1 1_1 fusion-flex-column\" style=\"--awb-padding-top:20px;--awb-bg-size:cover;--awb-width-large:100%;--awb-margin-top-large:0px;--awb-spacing-right-large:1.92%;--awb-margin-bottom-large:20px;--awb-spacing-left-large:1.92%;--awb-width-medium:100%;--awb-order-medium:0;--awb-spacing-right-medium:1.92%;--awb-spacing-left-medium:1.92%;--awb-width-small:100%;--awb-order-small:0;--awb-spacing-right-small:1.92%;--awb-spacing-left-small:1.92%;\"><div class=\"fusion-column-wrapper fusion-column-has-shadow fusion-flex-justify-content-flex-start fusion-content-layout-column\"><div class=\"fusion-title title fusion-title-1 fusion-sep-none fusion-title-center fusion-title-text fusion-title-size-one\" style=\"--awb-text-color:var(--awb-color4);--awb-font-size:42px;\"><h1 class=\"fusion-title-heading title-heading-center\" style=\"font-family:&quot;Inter&quot;;font-style:normal;font-weight:700;margin:0;text-transform:uppercase;font-size:1em;\"><p class=\"fusion-responsive-typography-calculated\" data-fontsize=\"48\" data-lineheight=\"normal\">Part development and tooling design<\/p><\/h1><\/div><\/div><\/div><\/div><\/div><div class=\"fusion-fullwidth fullwidth-box fusion-builder-row-2 fusion-flex-container hundred-percent-fullwidth non-hundred-percent-height-scrolling\" style=\"--awb-border-radius-top-left:0px;--awb-border-radius-top-right:0px;--awb-border-radius-bottom-right:0px;--awb-border-radius-bottom-left:0px;--awb-padding-right:0px;--awb-padding-bottom:0px;--awb-padding-left:0px;--awb-margin-top:0px;--awb-margin-bottom:0px;--awb-flex-wrap:wrap;\" ><div class=\"fusion-builder-row fusion-row fusion-flex-align-items-center fusion-flex-justify-content-center fusion-flex-content-wrap\" style=\"width:104% !important;max-width:104% !important;margin-left: calc(-4% \/ 2 );margin-right: calc(-4% \/ 2 );\"><div class=\"fusion-layout-column fusion_builder_column fusion-builder-column-1 fusion_builder_column_1_1 1_1 fusion-flex-column\" style=\"--awb-padding-top:15%;--awb-padding-right:0px;--awb-padding-bottom:15%;--awb-padding-left:0px;--awb-bg-size:cover;--awb-width-large:100%;--awb-margin-top-large:0px;--awb-spacing-right-large:1.92%;--awb-margin-bottom-large:0px;--awb-spacing-left-large:1.92%;--awb-width-medium:100%;--awb-order-medium:0;--awb-spacing-right-medium:1.92%;--awb-spacing-left-medium:1.92%;--awb-width-small:100%;--awb-order-small:0;--awb-spacing-right-small:1.92%;--awb-spacing-left-small:1.92%;\" data-scroll-devices=\"small-visibility,medium-visibility,large-visibility\"><div class=\"awb-column__background-slider\" ><div class=\"awb-background-slider\" data-type=\"column\" data-loop=\"yes\" data-animation=\"fade\" data-slideshow-speed=\"5000\" data-animation-speed=\"800\" data-direction=\"up\" style=\"--awb-image-position:50% 50%;\"><div class=\"swiper-wrapper\"><div class=\"swiper-slide\"><img decoding=\"async\" width=\"1502\" height=\"720\" src=\"https:\/\/malsa.com.es\/wp-content\/uploads\/2023\/11\/diseno1.jpg\" class=\"awb-background-slider__image lazyload\" alt=\"\" srcset=\"data:image\/svg+xml,%3Csvg%20xmlns%3D%27http%3A%2F%2Fwww.w3.org%2F2000%2Fsvg%27%20width%3D%271502%27%20height%3D%27720%27%20viewBox%3D%270%200%201502%20720%27%3E%3Crect%20width%3D%271502%27%20height%3D%27720%27%20fill-opacity%3D%220%22%2F%3E%3C%2Fsvg%3E\" data-orig-src=\"https:\/\/malsa.com.es\/wp-content\/uploads\/2023\/11\/diseno1.jpg\" data-srcset=\"https:\/\/malsa.com.es\/wp-content\/uploads\/2023\/11\/diseno1-300x144.jpg 300w, https:\/\/malsa.com.es\/wp-content\/uploads\/2023\/11\/diseno1-768x368.jpg 768w, https:\/\/malsa.com.es\/wp-content\/uploads\/2023\/11\/diseno1-1024x491.jpg 1024w, https:\/\/malsa.com.es\/wp-content\/uploads\/2023\/11\/diseno1.jpg 1502w\" data-sizes=\"auto\" \/><\/div><div class=\"swiper-slide\"><img decoding=\"async\" width=\"1280\" height=\"720\" src=\"https:\/\/malsa.com.es\/wp-content\/uploads\/2023\/11\/diseno2.jpg\" class=\"awb-background-slider__image lazyload\" alt=\"\" srcset=\"data:image\/svg+xml,%3Csvg%20xmlns%3D%27http%3A%2F%2Fwww.w3.org%2F2000%2Fsvg%27%20width%3D%271280%27%20height%3D%27720%27%20viewBox%3D%270%200%201280%20720%27%3E%3Crect%20width%3D%271280%27%20height%3D%27720%27%20fill-opacity%3D%220%22%2F%3E%3C%2Fsvg%3E\" data-orig-src=\"https:\/\/malsa.com.es\/wp-content\/uploads\/2023\/11\/diseno2.jpg\" data-srcset=\"https:\/\/malsa.com.es\/wp-content\/uploads\/2023\/11\/diseno2-300x169.jpg 300w, https:\/\/malsa.com.es\/wp-content\/uploads\/2023\/11\/diseno2-768x432.jpg 768w, https:\/\/malsa.com.es\/wp-content\/uploads\/2023\/11\/diseno2-1024x576.jpg 1024w, https:\/\/malsa.com.es\/wp-content\/uploads\/2023\/11\/diseno2.jpg 1280w\" data-sizes=\"auto\" \/><\/div><div class=\"swiper-slide\"><img decoding=\"async\" width=\"1489\" height=\"720\" src=\"https:\/\/malsa.com.es\/wp-content\/uploads\/2023\/11\/diseno3.jpg\" class=\"awb-background-slider__image lazyload\" alt=\"\" srcset=\"data:image\/svg+xml,%3Csvg%20xmlns%3D%27http%3A%2F%2Fwww.w3.org%2F2000%2Fsvg%27%20width%3D%271489%27%20height%3D%27720%27%20viewBox%3D%270%200%201489%20720%27%3E%3Crect%20width%3D%271489%27%20height%3D%27720%27%20fill-opacity%3D%220%22%2F%3E%3C%2Fsvg%3E\" data-orig-src=\"https:\/\/malsa.com.es\/wp-content\/uploads\/2023\/11\/diseno3.jpg\" data-srcset=\"https:\/\/malsa.com.es\/wp-content\/uploads\/2023\/11\/diseno3-300x145.jpg 300w, https:\/\/malsa.com.es\/wp-content\/uploads\/2023\/11\/diseno3-768x371.jpg 768w, https:\/\/malsa.com.es\/wp-content\/uploads\/2023\/11\/diseno3-1024x495.jpg 1024w, https:\/\/malsa.com.es\/wp-content\/uploads\/2023\/11\/diseno3.jpg 1489w\" data-sizes=\"auto\" \/><\/div><div class=\"swiper-slide\"><img decoding=\"async\" width=\"1440\" height=\"720\" src=\"https:\/\/malsa.com.es\/wp-content\/uploads\/2023\/11\/diseno4.jpg\" class=\"awb-background-slider__image lazyload\" alt=\"\" srcset=\"data:image\/svg+xml,%3Csvg%20xmlns%3D%27http%3A%2F%2Fwww.w3.org%2F2000%2Fsvg%27%20width%3D%271440%27%20height%3D%27720%27%20viewBox%3D%270%200%201440%20720%27%3E%3Crect%20width%3D%271440%27%20height%3D%27720%27%20fill-opacity%3D%220%22%2F%3E%3C%2Fsvg%3E\" data-orig-src=\"https:\/\/malsa.com.es\/wp-content\/uploads\/2023\/11\/diseno4.jpg\" data-srcset=\"https:\/\/malsa.com.es\/wp-content\/uploads\/2023\/11\/diseno4-300x150.jpg 300w, https:\/\/malsa.com.es\/wp-content\/uploads\/2023\/11\/diseno4-768x384.jpg 768w, https:\/\/malsa.com.es\/wp-content\/uploads\/2023\/11\/diseno4-1024x512.jpg 1024w, https:\/\/malsa.com.es\/wp-content\/uploads\/2023\/11\/diseno4.jpg 1440w\" data-sizes=\"auto\" \/><\/div><\/div><\/div><\/div><div class=\"fusion-column-wrapper fusion-column-has-shadow fusion-flex-justify-content-center fusion-content-layout-column\"><div class=\"awb-column__content\"><\/div><\/div><\/div><\/div><\/div><div class=\"fusion-fullwidth fullwidth-box fusion-builder-row-3 fusion-flex-container has-pattern-background has-mask-background nonhundred-percent-fullwidth non-hundred-percent-height-scrolling\" style=\"--awb-border-radius-top-left:0px;--awb-border-radius-top-right:0px;--awb-border-radius-bottom-right:0px;--awb-border-radius-bottom-left:0px;--awb-padding-bottom:0px;--awb-flex-wrap:wrap;\" ><div class=\"fusion-builder-row fusion-row fusion-flex-align-items-flex-start fusion-flex-content-wrap\" style=\"max-width:1248px;margin-left: calc(-4% \/ 2 );margin-right: calc(-4% \/ 2 );\"><div class=\"fusion-layout-column fusion_builder_column fusion-builder-column-2 fusion_builder_column_3_4 3_4 fusion-flex-column\" style=\"--awb-bg-size:cover;--awb-width-large:75%;--awb-margin-top-large:40px;--awb-spacing-right-large:2.56%;--awb-margin-bottom-large:0px;--awb-spacing-left-large:2.56%;--awb-width-medium:75%;--awb-order-medium:0;--awb-spacing-right-medium:2.56%;--awb-spacing-left-medium:2.56%;--awb-width-small:100%;--awb-order-small:0;--awb-spacing-right-small:1.92%;--awb-spacing-left-small:1.92%;\"><div class=\"fusion-column-wrapper fusion-column-has-shadow fusion-flex-justify-content-flex-start fusion-content-layout-column\"><div class=\"fusion-text fusion-text-1\" style=\"--awb-content-alignment:justify;\"><div class=\"vc_row wpb_row vc_row-fluid vc_custom_1485520772381\">\n<div class=\"wpb_column vc_column_container vc_col-sm-12\">\n<div class=\"vc_column-inner\">\n<div class=\"wpb_wrapper\">\n<div class=\"wpb_text_column wpb_content_element \">\n<div class=\"wpb_wrapper\">\n<div class=\"vc_row wpb_row vc_row-fluid vc_custom_1485520772381\">\n<div class=\"wpb_column vc_column_container vc_col-sm-12\">\n<div class=\"vc_column-inner\">\n<div class=\"wpb_wrapper\">\n<div class=\"wpb_text_column wpb_content_element \">\n<div class=\"wpb_wrapper\">\n<p>MALSA supports you, from the first idea of your product until achieving a suitable part for the high pressure die casting process (HDPC). From there, we also take care of managing possible changes and updates during the life cycle of the product.<\/p>\n<p>Our team of highly qualified engineers is equipped with state-of-the-art tools, working mainly with Siemens NX for CAD\/CAM development, integrated through Team Center, Siemens\u2019 PLM software.<\/p>\n<p>In addition, we use ESI Group\u2019s Quickcast software, which allows us to simulate the entire injection moulding process of the workpiece.<\/p>\n<\/div>\n<\/div>\n<\/div>\n<\/div>\n<\/div>\n<\/div>\n<div class=\"vc_row wpb_row vc_row-fluid\">\n<div class=\"wpb_column vc_column_container vc_col-sm-9\">\n<div class=\"vc_column-inner\">\n<div class=\"wpb_wrapper\">\n<div class=\"wpb_text_column wpb_content_element \">\n<div class=\"wpb_wrapper\">\n<p>Furthermore, your project will be managed and controlled continuously by our Project Management team, who will ensure that all your requirements are met and that the project is carried out within a mutually agreed framework in terms of scope, cost, time and quality, always in accordance with the relevant standards (IATF \/ ISO 9001).<\/p>\n<p>Our technical support continues along the life cycle of the product, always maintaining the vision of continuous improvement and constantly willing to resolve any situation that favours our customer.<\/p>\n<\/div>\n<\/div>\n<\/div>\n<\/div>\n<\/div>\n<\/div>\n<\/div>\n<\/div>\n<\/div>\n<\/div>\n<\/div>\n<\/div>\n<\/div><\/div><\/div><div class=\"fusion-layout-column fusion_builder_column fusion-builder-column-3 fusion_builder_column_1_4 1_4 fusion-flex-column\" style=\"--awb-bg-size:cover;--awb-width-large:25%;--awb-margin-top-large:40px;--awb-spacing-right-large:7.68%;--awb-margin-bottom-large:20px;--awb-spacing-left-large:7.68%;--awb-width-medium:25%;--awb-order-medium:0;--awb-spacing-right-medium:7.68%;--awb-spacing-left-medium:7.68%;--awb-width-small:100%;--awb-order-small:0;--awb-spacing-right-small:1.92%;--awb-spacing-left-small:1.92%;\" data-scroll-devices=\"small-visibility,medium-visibility,large-visibility\"><div class=\"fusion-column-wrapper fusion-column-has-shadow fusion-flex-justify-content-flex-start fusion-content-layout-column\"><div class=\"fusion-image-element \" style=\"--awb-caption-title-font-family:var(--h2_typography-font-family);--awb-caption-title-font-weight:var(--h2_typography-font-weight);--awb-caption-title-font-style:var(--h2_typography-font-style);--awb-caption-title-size:var(--h2_typography-font-size);--awb-caption-title-transform:var(--h2_typography-text-transform);--awb-caption-title-line-height:var(--h2_typography-line-height);--awb-caption-title-letter-spacing:var(--h2_typography-letter-spacing);\"><span class=\" fusion-imageframe imageframe-none imageframe-1 hover-type-none\"><img decoding=\"async\" width=\"300\" height=\"290\" title=\"172929\" src=\"data:image\/svg+xml,%3Csvg%20xmlns%3D%27http%3A%2F%2Fwww.w3.org%2F2000%2Fsvg%27%20width%3D%271102%27%20height%3D%271065%27%20viewBox%3D%270%200%201102%201065%27%3E%3Crect%20width%3D%271102%27%20height%3D%271065%27%20fill-opacity%3D%220%22%2F%3E%3C%2Fsvg%3E\" data-orig-src=\"https:\/\/malsa.com.es\/wp-content\/uploads\/2023\/11\/172929-300x290.jpg\" alt class=\"lazyload img-responsive wp-image-1394\"\/><\/span><\/div><\/div><\/div><\/div><\/div><\/p>\n","protected":false},"excerpt":{"rendered":"","protected":false},"author":1,"featured_media":0,"parent":0,"menu_order":0,"comment_status":"closed","ping_status":"open","template":"100-width.php","meta":{"footnotes":""},"class_list":["post-711","page","type-page","status-publish","hentry"],"yoast_head":"<!-- This site is optimized with the Yoast SEO plugin v27.3 - https:\/\/yoast.com\/product\/yoast-seo-wordpress\/ -->\n<title>Part development and tooling design - Malsa Metalurgica del Aluminio SA<\/title>\n<meta name=\"robots\" content=\"index, follow, max-snippet:-1, max-image-preview:large, max-video-preview:-1\" \/>\n<link rel=\"canonical\" href=\"https:\/\/malsa.com.es\/en\/shop\/\" \/>\n<meta property=\"og:locale\" content=\"en_US\" \/>\n<meta property=\"og:type\" content=\"article\" \/>\n<meta property=\"og:title\" content=\"Part development and tooling design - Malsa Metalurgica del Aluminio SA\" \/>\n<meta property=\"og:url\" content=\"https:\/\/malsa.com.es\/en\/shop\/\" \/>\n<meta property=\"og:site_name\" content=\"Malsa Metalurgica del Aluminio SA\" \/>\n<meta property=\"article:modified_time\" content=\"2025-03-04T07:48:50+00:00\" \/>\n<meta name=\"twitter:card\" content=\"summary_large_image\" \/>\n<script type=\"application\/ld+json\" class=\"yoast-schema-graph\">{\"@context\":\"https:\\\/\\\/schema.org\",\"@graph\":[{\"@type\":\"WebPage\",\"@id\":\"https:\\\/\\\/malsa.com.es\\\/en\\\/shop\\\/\",\"url\":\"https:\\\/\\\/malsa.com.es\\\/en\\\/shop\\\/\",\"name\":\"Part development and tooling design - Malsa Metalurgica del Aluminio SA\",\"isPartOf\":{\"@id\":\"https:\\\/\\\/malsa.com.es\\\/#website\"},\"datePublished\":\"2016-12-31T12:03:33+00:00\",\"dateModified\":\"2025-03-04T07:48:50+00:00\",\"breadcrumb\":{\"@id\":\"https:\\\/\\\/malsa.com.es\\\/en\\\/shop\\\/#breadcrumb\"},\"inLanguage\":\"en-US\",\"potentialAction\":[{\"@type\":\"ReadAction\",\"target\":[\"https:\\\/\\\/malsa.com.es\\\/en\\\/shop\\\/\"]}]},{\"@type\":\"BreadcrumbList\",\"@id\":\"https:\\\/\\\/malsa.com.es\\\/en\\\/shop\\\/#breadcrumb\",\"itemListElement\":[{\"@type\":\"ListItem\",\"position\":1,\"name\":\"Portada\",\"item\":\"https:\\\/\\\/malsa.com.es\\\/en\\\/\"},{\"@type\":\"ListItem\",\"position\":2,\"name\":\"Part development and tooling design\"}]},{\"@type\":\"WebSite\",\"@id\":\"https:\\\/\\\/malsa.com.es\\\/#website\",\"url\":\"https:\\\/\\\/malsa.com.es\\\/\",\"name\":\"MALSA\",\"description\":\"Nos dedicamos a la fabricaci\u00f3n de utillajes, fundici\u00f3n inyectada y mecanizaci\u00f3n de piezas de aluminio.\",\"publisher\":{\"@id\":\"https:\\\/\\\/malsa.com.es\\\/#organization\"},\"potentialAction\":[{\"@type\":\"SearchAction\",\"target\":{\"@type\":\"EntryPoint\",\"urlTemplate\":\"https:\\\/\\\/malsa.com.es\\\/?s={search_term_string}\"},\"query-input\":{\"@type\":\"PropertyValueSpecification\",\"valueRequired\":true,\"valueName\":\"search_term_string\"}}],\"inLanguage\":\"en-US\"},{\"@type\":\"Organization\",\"@id\":\"https:\\\/\\\/malsa.com.es\\\/#organization\",\"name\":\"Malsa Metalurgica del Aluminio SA\",\"url\":\"https:\\\/\\\/malsa.com.es\\\/\",\"logo\":{\"@type\":\"ImageObject\",\"inLanguage\":\"en-US\",\"@id\":\"https:\\\/\\\/malsa.com.es\\\/#\\\/schema\\\/logo\\\/image\\\/\",\"url\":\"https:\\\/\\\/malsa.com.es\\\/wp-content\\\/uploads\\\/2017\\\/01\\\/Logo-Malsa1.jpg\",\"contentUrl\":\"https:\\\/\\\/malsa.com.es\\\/wp-content\\\/uploads\\\/2017\\\/01\\\/Logo-Malsa1.jpg\",\"width\":130,\"height\":55,\"caption\":\"Malsa Metalurgica del Aluminio SA\"},\"image\":{\"@id\":\"https:\\\/\\\/malsa.com.es\\\/#\\\/schema\\\/logo\\\/image\\\/\"}}]}<\/script>\n<!-- \/ Yoast SEO plugin. -->","yoast_head_json":{"title":"Part development and tooling design - Malsa Metalurgica del Aluminio SA","robots":{"index":"index","follow":"follow","max-snippet":"max-snippet:-1","max-image-preview":"max-image-preview:large","max-video-preview":"max-video-preview:-1"},"canonical":"https:\/\/malsa.com.es\/en\/shop\/","og_locale":"en_US","og_type":"article","og_title":"Part development and tooling design - Malsa Metalurgica del Aluminio SA","og_url":"https:\/\/malsa.com.es\/en\/shop\/","og_site_name":"Malsa Metalurgica del Aluminio SA","article_modified_time":"2025-03-04T07:48:50+00:00","twitter_card":"summary_large_image","schema":{"@context":"https:\/\/schema.org","@graph":[{"@type":"WebPage","@id":"https:\/\/malsa.com.es\/en\/shop\/","url":"https:\/\/malsa.com.es\/en\/shop\/","name":"Part development and tooling design - Malsa Metalurgica del Aluminio SA","isPartOf":{"@id":"https:\/\/malsa.com.es\/#website"},"datePublished":"2016-12-31T12:03:33+00:00","dateModified":"2025-03-04T07:48:50+00:00","breadcrumb":{"@id":"https:\/\/malsa.com.es\/en\/shop\/#breadcrumb"},"inLanguage":"en-US","potentialAction":[{"@type":"ReadAction","target":["https:\/\/malsa.com.es\/en\/shop\/"]}]},{"@type":"BreadcrumbList","@id":"https:\/\/malsa.com.es\/en\/shop\/#breadcrumb","itemListElement":[{"@type":"ListItem","position":1,"name":"Portada","item":"https:\/\/malsa.com.es\/en\/"},{"@type":"ListItem","position":2,"name":"Part development and tooling design"}]},{"@type":"WebSite","@id":"https:\/\/malsa.com.es\/#website","url":"https:\/\/malsa.com.es\/","name":"MALSA","description":"Nos dedicamos a la fabricaci\u00f3n de utillajes, fundici\u00f3n inyectada y mecanizaci\u00f3n de piezas de aluminio.","publisher":{"@id":"https:\/\/malsa.com.es\/#organization"},"potentialAction":[{"@type":"SearchAction","target":{"@type":"EntryPoint","urlTemplate":"https:\/\/malsa.com.es\/?s={search_term_string}"},"query-input":{"@type":"PropertyValueSpecification","valueRequired":true,"valueName":"search_term_string"}}],"inLanguage":"en-US"},{"@type":"Organization","@id":"https:\/\/malsa.com.es\/#organization","name":"Malsa Metalurgica del Aluminio SA","url":"https:\/\/malsa.com.es\/","logo":{"@type":"ImageObject","inLanguage":"en-US","@id":"https:\/\/malsa.com.es\/#\/schema\/logo\/image\/","url":"https:\/\/malsa.com.es\/wp-content\/uploads\/2017\/01\/Logo-Malsa1.jpg","contentUrl":"https:\/\/malsa.com.es\/wp-content\/uploads\/2017\/01\/Logo-Malsa1.jpg","width":130,"height":55,"caption":"Malsa Metalurgica del Aluminio SA"},"image":{"@id":"https:\/\/malsa.com.es\/#\/schema\/logo\/image\/"}}]}},"_links":{"self":[{"href":"https:\/\/malsa.com.es\/en\/wp-json\/wp\/v2\/pages\/711","targetHints":{"allow":["GET"]}}],"collection":[{"href":"https:\/\/malsa.com.es\/en\/wp-json\/wp\/v2\/pages"}],"about":[{"href":"https:\/\/malsa.com.es\/en\/wp-json\/wp\/v2\/types\/page"}],"author":[{"embeddable":true,"href":"https:\/\/malsa.com.es\/en\/wp-json\/wp\/v2\/users\/1"}],"replies":[{"embeddable":true,"href":"https:\/\/malsa.com.es\/en\/wp-json\/wp\/v2\/comments?post=711"}],"version-history":[{"count":0,"href":"https:\/\/malsa.com.es\/en\/wp-json\/wp\/v2\/pages\/711\/revisions"}],"wp:attachment":[{"href":"https:\/\/malsa.com.es\/en\/wp-json\/wp\/v2\/media?parent=711"}],"curies":[{"name":"wp","href":"https:\/\/api.w.org\/{rel}","templated":true}]}}